{"id":310,"date":"2025-09-28T20:10:38","date_gmt":"2025-09-28T20:10:38","guid":{"rendered":"https:\/\/expositions-voixetouffees.org\/?page_id=310"},"modified":"2025-09-28T20:25:30","modified_gmt":"2025-09-28T20:25:30","slug":"trajectoires-de-compositrices","status":"publish","type":"page","link":"https:\/\/expositions-voixetouffees.org\/en\/trajectoires-de-compositrices\/","title":{"rendered":"Women hindered tracks"},"content":{"rendered":"<div data-elementor-type=\"wp-page\" data-elementor-id=\"310\" class=\"elementor elementor-310\">\n\t\t\t\t\t\t<section style=\"background-image: url(https:\/\/expositions-voixetouffees.org\/wp-content\/uploads\/2025\/09\/FVE-expositions_femmes.png);\" class=\"parallax_section_holder elementor-section elementor-top-section elementor-element elementor-element-2c159736 elementor-section-full_width parallax_section_holder elementor-section-stretched elementor-section-height-default elementor-section-height-default qode_elementor_container_no qode-content-aligment-left\" data-speed=\"0\" data-id=\"2c159736\" data-element_type=\"section\" data-settings=\"{&quot;qode_parallax_image&quot;:{&quot;url&quot;:&quot;https:\\\/\\\/expositions-voixetouffees.org\\\/wp-content\\\/uploads\\\/2025\\\/09\\\/FVE-expositions_femmes.png&quot;,&quot;id&quot;:312,&quot;size&quot;:&quot;&quot;,&quot;alt&quot;:&quot;&quot;,&quot;source&quot;:&quot;library&quot;},&quot;stretch_section&quot;:&quot;section-stretched&quot;}\">\n\t\t\t\t\t\t<div class=\"elementor-container elementor-column-gap-default\">\n\t\t\t\t\t<div class=\"elementor-column elementor-col-100 elementor-top-column elementor-element elementor-element-7247083d\" data-id=\"7247083d\" data-element_type=\"column\">\n\t\t\t<div class=\"elementor-widget-wrap elementor-element-populated\">\n\t\t\t\t\t\t<div class=\"elementor-element elementor-element-719e61c4 elementor-widget elementor-widget-spacer\" data-id=\"719e61c4\" data-element_type=\"widget\" data-widget_type=\"spacer.default\">\n\t\t\t\t\t\t\t<div class=\"elementor-spacer\">\n\t\t\t<div class=\"elementor-spacer-inner\"><\/div>\n\t\t<\/div>\n\t\t\t\t\t\t<\/div>\n\t\t\t\t\t<\/div>\n\t\t<\/div>\n\t\t\t\t\t<\/div>\n\t\t<\/section>\n\t\t<div class=\"elementor-element elementor-element-2a56d99 e-flex e-con-boxed e-con e-parent\" data-id=\"2a56d99\" data-element_type=\"container\">\n\t\t\t\t\t<div class=\"e-con-inner\">\n\t\t\t\t<div class=\"elementor-element elementor-element-5ec310c elementor-widget elementor-widget-spacer\" data-id=\"5ec310c\" data-element_type=\"widget\" data-widget_type=\"spacer.default\">\n\t\t\t\t\t\t\t<div class=\"elementor-spacer\">\n\t\t\t<div class=\"elementor-spacer-inner\"><\/div>\n\t\t<\/div>\n\t\t\t\t\t\t<\/div>\n\t\t\t\t\t<\/div>\n\t\t\t\t<\/div>\n\t\t<div class=\"elementor-element elementor-element-e6d5dcd e-flex e-con-boxed e-con e-parent\" data-id=\"e6d5dcd\" data-element_type=\"container\">\n\t\t\t\t\t<div class=\"e-con-inner\">\n\t\t\t\t<div class=\"elementor-element elementor-element-e80fdac e-n-tabs-mobile elementor-widget elementor-widget-n-tabs\" data-id=\"e80fdac\" data-element_type=\"widget\" data-settings=\"{&quot;horizontal_scroll&quot;:&quot;disable&quot;}\" data-widget_type=\"nested-tabs.default\">\n\t\t\t\t\t\t\t<div class=\"e-n-tabs\" data-widget-number=\"243334572\" aria-label=\"Onglets. Ouvrez des \u00e9l\u00e9ments avec Entrer ou Espace, fermez-les avec Echape et naviguez \u00e0 l&#039;aide des touches fl\u00e9ch\u00e9es.\">\n\t\t\t<div class=\"e-n-tabs-heading\" role=\"tablist\">\n\t\t\t\t\t<button id=\"e-n-tab-title-2433345721\" class=\"e-n-tab-title\" aria-selected=\"true\" data-tab-index=\"1\" role=\"tab\" tabindex=\"0\" aria-controls=\"e-n-tab-content-2433345721\" style=\"--n-tabs-title-order: 1;\">\n\t\t\t\t\t\t<span class=\"e-n-tab-title-text\">\n\t\t\t\tPresentation\t\t\t<\/span>\n\t\t<\/button>\n\t\t\t\t<button id=\"e-n-tab-title-2433345722\" class=\"e-n-tab-title\" aria-selected=\"false\" data-tab-index=\"2\" role=\"tab\" tabindex=\"-1\" aria-controls=\"e-n-tab-content-2433345722\" style=\"--n-tabs-title-order: 2;\">\n\t\t\t\t\t\t<span class=\"e-n-tab-title-text\">\n\t\t\t\tIdeology\t\t\t<\/span>\n\t\t<\/button>\n\t\t\t\t<button id=\"e-n-tab-title-2433345723\" class=\"e-n-tab-title\" aria-selected=\"false\" data-tab-index=\"3\" role=\"tab\" tabindex=\"-1\" aria-controls=\"e-n-tab-content-2433345723\" style=\"--n-tabs-title-order: 3;\">\n\t\t\t\t\t\t<span class=\"e-n-tab-title-text\">\n\t\t\t\tS. Gubaidulina\t\t\t<\/span>\n\t\t<\/button>\n\t\t\t\t<button id=\"e-n-tab-title-2433345724\" class=\"e-n-tab-title\" aria-selected=\"false\" data-tab-index=\"4\" role=\"tab\" tabindex=\"-1\" aria-controls=\"e-n-tab-content-2433345724\" style=\"--n-tabs-title-order: 4;\">\n\t\t\t\t\t\t<span class=\"e-n-tab-title-text\">\n\t\t\t\tA. Ros\u00e9\t\t\t<\/span>\n\t\t<\/button>\n\t\t\t\t<button id=\"e-n-tab-title-2433345725\" class=\"e-n-tab-title\" aria-selected=\"false\" data-tab-index=\"5\" role=\"tab\" tabindex=\"-1\" aria-controls=\"e-n-tab-content-2433345725\" style=\"--n-tabs-title-order: 5;\">\n\t\t\t\t\t\t<span class=\"e-n-tab-title-text\">\n\t\t\t\tE. Barraine\t\t\t<\/span>\n\t\t<\/button>\n\t\t\t\t<button id=\"e-n-tab-title-2433345726\" class=\"e-n-tab-title\" aria-selected=\"false\" data-tab-index=\"6\" role=\"tab\" tabindex=\"-1\" aria-controls=\"e-n-tab-content-2433345726\" style=\"--n-tabs-title-order: 6;\">\n\t\t\t\t\t\t<span class=\"e-n-tab-title-text\">\n\t\t\t\tG. Bacewicz\t\t\t<\/span>\n\t\t<\/button>\n\t\t\t\t<button id=\"e-n-tab-title-2433345727\" class=\"e-n-tab-title\" aria-selected=\"false\" data-tab-index=\"7\" role=\"tab\" tabindex=\"-1\" aria-controls=\"e-n-tab-content-2433345727\" style=\"--n-tabs-title-order: 7;\">\n\t\t\t\t\t\t<span class=\"e-n-tab-title-text\">\n\t\t\t\tH. Bosmans\t\t\t<\/span>\n\t\t<\/button>\n\t\t\t\t\t<\/div>\n\t\t\t<div class=\"e-n-tabs-content\">\n\t\t\t\t<div id=\"e-n-tab-content-2433345721\" role=\"tabpanel\" aria-labelledby=\"e-n-tab-title-2433345721\" data-tab-index=\"1\" style=\"--n-tabs-title-order: 1;\" class=\"e-active elementor-element elementor-element-64ffd09 e-con-full e-flex e-con e-child\" data-id=\"64ffd09\" data-element_type=\"container\">\n\t\t<div class=\"elementor-element elementor-element-7c4629a e-flex e-con-boxed e-con e-child\" data-id=\"7c4629a\" data-element_type=\"container\">\n\t\t\t\t\t<div class=\"e-con-inner\">\n\t\t\t\t<div class=\"elementor-element elementor-element-ccb4795 elementor-widget elementor-widget-text-editor\" data-id=\"ccb4795\" data-element_type=\"widget\" data-widget_type=\"text-editor.default\">\n\t\t\t\t\t\t\t\t\t<p>Historical and musicological term, \u00ab silenced voices \u00bb refers to musicians who were victims of 20th-century totalitarian regimes, foremost among them the Nazi regime. Over the course of the last century, thousands of composers and performers were repressed, sentenced to death or exile, and their works banned and destroyed for political, moral, or religious reasons.<\/p><p>\u00a0<\/p><p>Although many works will remain lost forever, research carried out over the last thirty years in Europe has brought several hundred masterpieces and as many authors back into the spotlight through concerts, publications, exhibitions... including today's exhibition dedicated to five female musicians of the 20th century: Sofia Gubaidulina, Alma Ros\u00e9, Elsa Barraine, Gra\u017cyna Bacewicz, and Henri\u00ebtte Bosmans.<\/p><p>\u00a0<\/p><p>This commitment by the Forum Voix Etouff\u00e9es, copywriter and organizer of the exhibition, is part of a broader process of rehabilitating female composers in our musical history: Clara Wieck-Schumann (1819-1896), Augusta Holm\u00e8s (1847-1903), Alma Mahler (1879-1964) and others fought early on for both women's rights and recognition. On the other side of the Atlantic, we also think of the first African-American musicians such as Florence Price (1887-1953), whose beautiful, militant work has only been rediscovered since the 2000s.<\/p>\t\t\t\t\t\t\t\t<\/div>\n\t\t\t\t\t<\/div>\n\t\t\t\t<\/div>\n\t\t\t\t<\/div>\n\t\t<div id=\"e-n-tab-content-2433345722\" role=\"tabpanel\" aria-labelledby=\"e-n-tab-title-2433345722\" data-tab-index=\"2\" style=\"--n-tabs-title-order: 2;\" class=\"elementor-element elementor-element-759351f e-con-full e-flex e-con e-child\" data-id=\"759351f\" data-element_type=\"container\">\n\t\t<div class=\"elementor-element elementor-element-e0ba9cd e-flex e-con-boxed e-con e-child\" data-id=\"e0ba9cd\" data-element_type=\"container\">\n\t\t\t\t\t<div class=\"e-con-inner\">\n\t\t\t\t<div class=\"elementor-element elementor-element-aa49f09 elementor-widget elementor-widget-text-editor\" data-id=\"aa49f09\" data-element_type=\"widget\" data-widget_type=\"text-editor.default\">\n\t\t\t\t\t\t\t\t\t<p>In the 1920s, the evolution of the artistic avant-garde in Europe took on the appearance of a generational struggle, with the rise of jazz, atonality, and movements such as New Objectivity challenging bourgeois concert culture. Fascist and conservative parties in Italy, Germany, Spain, France, and elsewhere saw this effusion as a sign of degeneration, a threat to the traditional values of their countries. \u201cEntartete Musik,\u201d \u201cKulturbolchevismus,\u201d and \u201cMusiques n\u00e8gres\u201d were among the pejorative terms applied to these compositions, which nevertheless met interest and success.<\/p><p>\u00a0<\/p><p>The rise to power of fascism in the 1930s precipitated the banning of this music. In addition, its composers quickly became undesirable for moral reasons (homosexuality, feminism), political reasons (communists, anti-fascists), religious reasons (Jewishness), or simply for their freedom of conscience. Some of these artists saved their lives by going into exile in the United States, such as the legendary harpsichordist Wanda Landowska (1879-1959) and the musicologist Anneliese Landau (1903-1991), while others met violent deaths or were detained in concentration and extermination camps.<\/p><p>\u00a0<\/p><p>Composers, instrumentalists, violin or piano virtuosos, singers\u2014all were affected. A tragic fate befell the Czech writer and composer Ilse Weber (1903\u20131944), who died in Auschwitz with her son... The same was true of the very few female choir and orchestra conductors of the time, such as Nadia Boulanger (1887-1979). Although she was the first woman to conduct major American orchestras, she was not representative of the overall situation of women before World War II. Thus, access to higher professions was often closed to women in Franco's Spain and in Portugal, which was subject to the authoritarian directives of Ant\u00f3nio de Oliveira Salazar (1889-1970). Their regimes repressed both fundamental public and individual freedoms. This situation led the Madrid composer Rosa Garc\u00eda Ascot (1902-2002), a protegee of Manuel de Falla, to emigrate to Mexico before settling in France.<\/p>\t\t\t\t\t\t\t\t<\/div>\n\t\t\t\t\t<\/div>\n\t\t\t\t<\/div>\n\t\t\t\t<\/div>\n\t\t<div id=\"e-n-tab-content-2433345723\" role=\"tabpanel\" aria-labelledby=\"e-n-tab-title-2433345723\" data-tab-index=\"3\" style=\"--n-tabs-title-order: 3;\" class=\"elementor-element elementor-element-0f6281f e-con-full e-flex e-con e-child\" data-id=\"0f6281f\" data-element_type=\"container\">\n\t\t<div class=\"elementor-element elementor-element-e6491de e-flex e-con-boxed e-con e-child\" data-id=\"e6491de\" data-element_type=\"container\">\n\t\t\t\t\t<div class=\"e-con-inner\">\n\t\t\t\t<div class=\"elementor-element elementor-element-fe2ee7e elementor-widget elementor-widget-text-editor\" data-id=\"fe2ee7e\" data-element_type=\"widget\" data-widget_type=\"text-editor.default\">\n\t\t\t\t\t\t\t\t\t<p>The recent death of Russian composer Sofia Gubaidulina, one of Dmitri Shostakovich's (1906-1975) few female disciples, has enabled the media in many countries to convey to their readers that the status of women in the Soviet Union (USSR) was still not as enviable as La Pravda once claimed. In the largely male-dominated profession of composing, the situation for women was anything but easy. Gubaidulina experienced this firsthand when she had the honor of becoming Shostakovich's assistant for his composition class at the Leningrad (Saint Petersburg) Conservatory, and faced numerous criticisms and jealousy from her peers.<\/p><p>\u00a0<\/p><p>The musician's uniqueness was also linked to her origins. She came from Tatarstan, a land of Muslim tradition where her grandfather was a mullah. Such origins did not prevent her from converting to the Russian Orthodox religion, at the instigation of pianist Maria Yudina (1899-1970). This very risky move in Soviet society caused her various problems. In addition, Gubaidulina's musical language was perceived as close to decadence by the leaders of the all-powerful Union of Soviet Composers and Musicologists.<\/p><p>\u00a0<\/p><p>The sprawling institution also targeted composer Jelena Firssova (*1950), banning the publication of her works in the West. However, she managed to emigrate to the United Kingdom in 1991. A year later, Gubaidulina settled in Germany. Her new surroundings became the setting from which she gained international recognition. The last three decades of her life were marked by triumphs, particularly in the English-speaking world. Today, Sofia Gubaidulina is regarded as one of the twenty most important figures in contemporary music worldwide since the 1950s.<\/p>\t\t\t\t\t\t\t\t<\/div>\n\t\t\t\t\t<\/div>\n\t\t\t\t<\/div>\n\t\t\t\t<\/div>\n\t\t<div id=\"e-n-tab-content-2433345724\" role=\"tabpanel\" aria-labelledby=\"e-n-tab-title-2433345724\" data-tab-index=\"4\" style=\"--n-tabs-title-order: 4;\" class=\"elementor-element elementor-element-dd75b5f e-flex e-con-boxed e-con e-child\" data-id=\"dd75b5f\" data-element_type=\"container\">\n\t\t\t\t\t<div class=\"e-con-inner\">\n\t\t<div class=\"elementor-element elementor-element-a94c4d3 e-con-full e-flex e-con e-child\" data-id=\"a94c4d3\" data-element_type=\"container\">\n\t\t\t\t<div class=\"elementor-element elementor-element-c8f20c5 elementor-widget elementor-widget-text-editor\" data-id=\"c8f20c5\" data-element_type=\"widget\" data-widget_type=\"text-editor.default\">\n\t\t\t\t\t\t\t\t\t<p>She came from one of the most prominent families of the artistic elite of the Austro-Hungarian Empire. Her uncle was none other than the illustrious composer Gustav Mahler (1860-1911); her father was the violinist Arnold Ros\u00e9 (1863-1946), who held prestigious positions in Vienna as first violinist of the Philharmonic Orchestra and founder of the famous Ros\u00e9 Quartet. Gifted with exceptional talent and trained in an extraordinary environment, Alma Ros\u00e9 gradually became a first-rate violinist.<\/p><p>\u00a0<\/p><p>In 1932, she founded a women's orchestra called Wiener Walzerm\u00e4dl, whose numerous successes and tours made her something of a star throughout Europe. Unfortunately, the Anschluss in March 1938 and World War II put an end to her career. Born jewish, exiled to France and then denounced, Alma Ros\u00e9 was arrested and tortured by the Gestapo in 1942 in Dijon, interned in the camp of Drancy and then transferred to Auschwitz on convoy No. 57. She remained there from July 1943 until April 1944, when she died. In this hellish environment, she served as the conductor of one of the camp's prisoner orchestras. Alma Ros\u00e9 was responsible for an all-female ensemble made up of musicians playing a variety of instruments.  Most of these instruments had been looted by the Nazis, when they had not been made from scratch in the camp by the prisoners.<\/p><p>\u00a0<\/p><p>The orchestra, made up of around thirty musicians, played for hours every day during punishments and executions of prisoners, during the departure and return of work details, and more rarely for the entertainment of the SS, the Prominenten, and the prisoners. The testimonies of surviving members of his orchestra, such as violinist Violette Jacquet-Silberstein (1925-2014), emphasize her immense artistic integrity and the rigor with which the artist performed her duties.<\/p>\t\t\t\t\t\t\t\t<\/div>\n\t\t\t\t<\/div>\n\t\t\t\t\t<\/div>\n\t\t\t\t<\/div>\n\t\t<div id=\"e-n-tab-content-2433345725\" role=\"tabpanel\" aria-labelledby=\"e-n-tab-title-2433345725\" data-tab-index=\"5\" style=\"--n-tabs-title-order: 5;\" class=\"elementor-element elementor-element-d5f1980 e-flex e-con-boxed e-con e-child\" data-id=\"d5f1980\" data-element_type=\"container\">\n\t\t\t\t\t<div class=\"e-con-inner\">\n\t\t<div class=\"elementor-element elementor-element-329a3d8 e-con-full e-flex e-con e-child\" data-id=\"329a3d8\" data-element_type=\"container\">\n\t\t\t\t<div class=\"elementor-element elementor-element-636421d elementor-widget elementor-widget-text-editor\" data-id=\"636421d\" data-element_type=\"widget\" data-widget_type=\"text-editor.default\">\n\t\t\t\t\t\t\t\t\t<p>At a time when French women did not yet have the right to vote and the vast majority remained confined to subordinate roles, several of them emerged as professional composers, including Claude Arrieu (1903-1990), Elsa Barraine (1910-1999), and Odette Gartenlaub (1922-2014). All three were victims of the coercive anti-Semitic measures taken by the Vichy Regime, in accordance with the racist directives of the German occupiers enacted in 1941.<\/p><p>\u00a0<\/p><p>Still worth rediscovering today, these three female composers received first-rate training at the Paris Conservatory, graduating with coveted awards. Elsa Barraine was the second woman\u2014after Lili Boulanger (1893-1918)\u2014to win the prestigious Prix de Rome for music in 1929. Odette Gartenlaub won the same award in 1948, after surviving as a social worker during the Occupation. Unfortunately, this period also marked a difficult break in her career as a virtuoso pianist. \n\nDeeply hostile to social inequality, Elsa Barraine became an activist in the 1930s, before officially joining the French Communist Party in 1938. Her progressive commitment was reflected in her music from those years onwards: in 1933, her orchestral work Pogromes already warned of the harmful events taking place in Germany, and in 1938, she composed an anti-war symphony, Vo\u00efna. The invasion of France by Wehrmacht troops cemented her commitment. She joined the Front National des Musiciens, and protected several Jewish musicians living in France, including Louis Saguer (1907-1991). Her commitment earned her a seat on the so-called purification chambers after the Liberation, where French citizens who had collaborated with Hitlerism appeared.<\/p><p>\u00a0<\/p><p>Elsa Barraine taught sight-reading and then musical analysis at the Paris Conservatory for nearly 25 years, showing immense curiosity for forgotten composers and the most diverse aesthetics.  Continuing to compose until the 1980s, she suffered from the growing influence in France of Pierre Boulez's (1925-2016) aesthetic radicalism, which resulted in her works being forgotten, along with those of Odette Gartenlaub and Claude Arrieu.<\/p>\t\t\t\t\t\t\t\t<\/div>\n\t\t\t\t<\/div>\n\t\t\t\t\t<\/div>\n\t\t\t\t<\/div>\n\t\t<div id=\"e-n-tab-content-2433345726\" role=\"tabpanel\" aria-labelledby=\"e-n-tab-title-2433345726\" data-tab-index=\"6\" style=\"--n-tabs-title-order: 6;\" class=\"elementor-element elementor-element-de50db2 e-flex e-con-boxed e-con e-child\" data-id=\"de50db2\" data-element_type=\"container\">\n\t\t\t\t\t<div class=\"e-con-inner\">\n\t\t<div class=\"elementor-element elementor-element-1d8b646 e-con-full e-flex e-con e-child\" data-id=\"1d8b646\" data-element_type=\"container\">\n\t\t\t\t<div class=\"elementor-element elementor-element-daca56c elementor-widget elementor-widget-text-editor\" data-id=\"daca56c\" data-element_type=\"widget\" data-widget_type=\"text-editor.default\">\n\t\t\t\t\t\t\t\t\t<p>The second Polish composer to gain international recognition after Maria Szymanowska (1789-1831), Gra\u017cyna Bacewicz came from a Lithuanian family, the Bacevi\u010dius. Their surname had been Polonized to Bacewicz. Gra\u017cyna quickly became an excellent violinist. She studied with the famous virtuoso Carl Flesch (1873-1944). In 1932, after graduating in composition from the Warsaw Conservatory, Bacewicz left for France, where she studied with Nadia Boulanger, among others.  Returning to her native country, Bacewicz became first violinist of the Radio Symphony Orchestra between 1936 and 1938. When World War II broke out, the musician gave clandestine concerts.<\/p><p>\u00a0<\/p><p>With peace restored and Poland under Soviet control, Gra\u017cyna Bacewicz was appointed professor at the \u0141\u00f3d\u017a Conservatory. Her official biography, covering the early post-war years, would have us believe that she enjoyed nothing but success. But the reality in the USSR and then in Poland, in those times of heightened Stalinism and strict application of socialist realism in all forms of art, was much more nuanced. Indeed, although her music from the 1940s onwards featured folk elements \u201cthat could be whistled after the concert,\u201d it nevertheless responded mainly to the \u201cformalist deviations\u201d that were formally prohibited at the time.  Moreover, letters to his brother, who lived in the United States, show that as early as 1948 he was deeply suspicious of the political system that was being put in place. Nevertheless, his intelligence and his growing recognition (notably his first prize in the Li\u00e8ge composition competition in 1951) enabled him to avoid the main dangers. Three of her works were presented during the renowned Warsaw Autumn Festival in 1956, which musically reflected the thaw that was underway, as did those of his colleague Witold Lutos\u0142awski (1913-1994) \u2013 the latter's First Symphony, completed in 1947, had been banned by the Stalinist government officials. From those years until her death, her writing reincorporated more contemporary elements, making her, like Shostakovich, a symbol of adaptation to political dictates. Due to her dual role as performer and composer, many of her works are dedicated to the violin.<\/p><p>\u00a0<\/p><p>Due to her dual role as performer and composer, many of her works are dedicated to the violin. Gra\u017cyna Bacewicz left behind seven violin concertos, five violin sonatas, seven string quartets, and two piano quintets.<\/p>\t\t\t\t\t\t\t\t<\/div>\n\t\t\t\t<\/div>\n\t\t\t\t\t<\/div>\n\t\t\t\t<\/div>\n\t\t<div id=\"e-n-tab-content-2433345727\" role=\"tabpanel\" aria-labelledby=\"e-n-tab-title-2433345727\" data-tab-index=\"7\" style=\"--n-tabs-title-order: 7;\" class=\"elementor-element elementor-element-8fd9000 e-flex e-con-boxed e-con e-child\" data-id=\"8fd9000\" data-element_type=\"container\">\n\t\t\t\t\t<div class=\"e-con-inner\">\n\t\t<div class=\"elementor-element elementor-element-313d219 e-con-full e-flex e-con e-child\" data-id=\"313d219\" data-element_type=\"container\">\n\t\t\t\t<div class=\"elementor-element elementor-element-a5a378b elementor-widget elementor-widget-text-editor\" data-id=\"a5a378b\" data-element_type=\"widget\" data-widget_type=\"text-editor.default\">\n\t\t\t\t\t\t\t\t\t<p>Born into a family of musicians, the Dutch artist has been attracting the attention of musicologists and the specialist press in recent years, following the gradual publication of her works by various publishers, including the Voix Etouff\u00e9es - Missing Voices collection. Her powerful musical language, as evidenced by her Sonata for Violin and Piano, is a clear invitation to reconsider the landscape of female musical creation in the 20th century, as well as creation outside the main artistic centers of the 1920s (Paris, Vienna, Berlin, Prague, etc.).<\/p><p>\u00a0<\/p><p>Henri\u00ebtte Bosmans first performed as a solo pianist during the 1920s. She played with internationally renowned conductors such as Pierre Monteux. The young woman also took composition lessons with Willem Pijper (1894-1947), an important figure in Dutch musical life. Gradually, Bosmans' works began to be performed in the Netherlands and abroad, often with her herself at the piano, as well as with cellist Frieda Belinfante (1904-1995). Openly bisexual, the composer flouted social conventions. Belinfante's partner before the war, from 1947 onwards she appeared with the French soprano No\u00e9mie Perugia (1903-1992), with whom she gave various concerts and for whom she wrote 25 vocal works.<\/p><p>\u00a0<\/p><p>Bosmans' success came to an end with World War II and the occupation of the Netherlands by Nazi Germany. In 1942, she was banned from performing because of her Jewish origins and for refusing to join the Reichskulturkammer, while four members of her immediate family were murdered in the Auschwitz and Sobibor camps. These horrific events did not prevent Bosmans from returning to composing after a ten-year hiatus. But in April 1952, Henri\u00ebtte Bosmans collapsed suddenly on stage during a concert. She died shortly afterwards, at the age of 56.<\/p>\t\t\t\t\t\t\t\t<\/div>\n\t\t\t\t<\/div>\n\t\t\t\t\t<\/div>\n\t\t\t\t<\/div>\n\t\t\t\t\t<\/div>\n\t\t<\/div>\n\t\t\t\t\t\t<\/div>\n\t\t\t\t\t<\/div>\n\t\t\t\t<\/div>\n\t\t\t\t<\/div>","protected":false},"excerpt":{"rendered":"<p>Pr\u00e9sentation Id\u00e9ologie S. Gubaidulina A. Ros\u00e9 E. Barraine G. Bacewicz H. Bosmans Terme historique et musicologique, l\u2019expression \u00ab voix \u00e9touff\u00e9es \u00bb d\u00e9signe les musiciens victimes des totalitarismes du XXe si\u00e8cle &#8211; au premier rang desquels le r\u00e9gime nazi. Au cours du si\u00e8cle pass\u00e9, des milliers&#8230;<\/p>","protected":false},"author":1,"featured_media":0,"parent":0,"menu_order":0,"comment_status":"closed","ping_status":"closed","template":"","meta":{"footnotes":""},"class_list":["post-310","page","type-page","status-publish","hentry"],"_links":{"self":[{"href":"https:\/\/expositions-voixetouffees.org\/en\/wp-json\/wp\/v2\/pages\/310","targetHints":{"allow":["GET"]}}],"collection":[{"href":"https:\/\/expositions-voixetouffees.org\/en\/wp-json\/wp\/v2\/pages"}],"about":[{"href":"https:\/\/expositions-voixetouffees.org\/en\/wp-json\/wp\/v2\/types\/page"}],"author":[{"embeddable":true,"href":"https:\/\/expositions-voixetouffees.org\/en\/wp-json\/wp\/v2\/users\/1"}],"replies":[{"embeddable":true,"href":"https:\/\/expositions-voixetouffees.org\/en\/wp-json\/wp\/v2\/comments?post=310"}],"version-history":[{"count":4,"href":"https:\/\/expositions-voixetouffees.org\/en\/wp-json\/wp\/v2\/pages\/310\/revisions"}],"predecessor-version":[{"id":315,"href":"https:\/\/expositions-voixetouffees.org\/en\/wp-json\/wp\/v2\/pages\/310\/revisions\/315"}],"wp:attachment":[{"href":"https:\/\/expositions-voixetouffees.org\/en\/wp-json\/wp\/v2\/media?parent=310"}],"curies":[{"name":"wp","href":"https:\/\/api.w.org\/{rel}","templated":true}]}}